{"id":823,"date":"2025-12-10T14:24:48","date_gmt":"2025-12-10T13:24:48","guid":{"rendered":"https:\/\/evo-wise.com\/index.php\/colibri-wp\/"},"modified":"2025-12-10T18:58:06","modified_gmt":"2025-12-10T17:58:06","slug":"colibri-wp","status":"publish","type":"page","link":"https:\/\/evo-wise.com\/","title":{"rendered":"Front Page"},"content":{"rendered":"<div data-colibri-id=\"823-c1\" class=\"style-270 style-local-823-c1 position-relative\">\n  <!---->\n  <div data-colibri-component=\"section\" data-colibri-id=\"823-c2\" id=\"custom\" class=\"h-section h-section-global-spacing d-flex align-items-lg-center align-items-md-center align-items-center style-280 style-local-823-c2 position-relative\">\n    <!---->\n    <!---->\n    <div class=\"h-section-grid-container h-section-boxed-container\">\n      <!---->\n      <div data-colibri-id=\"823-c3\" class=\"h-row-container gutters-row-lg-2 gutters-row-md-2 gutters-row-0 gutters-row-v-lg-2 gutters-row-v-md-2 gutters-row-v-2 style-283 style-local-823-c3 position-relative\">\n        <!---->\n        <div class=\"h-row justify-content-lg-center justify-content-md-center justify-content-center align-items-lg-stretch align-items-md-stretch align-items-stretch gutters-col-lg-2 gutters-col-md-2 gutters-col-0 gutters-col-v-lg-2 gutters-col-v-md-2 gutters-col-v-2\">\n          <!---->\n          <div class=\"h-column h-column-container d-flex h-col-lg-auto h-col-md-auto h-col-auto style-284-outer style-local-823-c4-outer\">\n            <div data-colibri-id=\"823-c4\" class=\"d-flex h-flex-basis h-column__inner h-px-lg-2 h-px-md-2 h-px-2 v-inner-lg-2 v-inner-md-2 v-inner-2 style-284 style-local-823-c4 position-relative\">\n              <!---->\n              <!---->\n              <div class=\"w-100 h-y-container h-column__content h-column__v-align flex-basis-100 align-self-lg-start align-self-md-start align-self-start\">\n                <!---->\n                <div data-colibri-id=\"823-c5\" class=\"h-global-transition-all h-heading style-285 style-local-823-c5 position-relative h-element\">\n                  <!---->\n                  <div class=\"h-heading__outer style-285 style-local-823-c5\">\n                    <!---->\n                    <!---->\n                    <h2 class=\"\">Simplifiez vos op\u00e9rations. Acc\u00e9l\u00e9rez vos r\u00e9sultats.<\/h2>\n                  <\/div>\n                <\/div>\n              <\/div>\n            <\/div>\n          <\/div>\n        <\/div>\n      <\/div>\n      <div data-colibri-id=\"823-c6\" class=\"h-row-container gutters-row-lg-2 gutters-row-md-2 gutters-row-0 gutters-row-v-lg-2 gutters-row-v-md-2 gutters-row-v-2 style-289 style-local-823-c6 position-relative\">\n        <!---->\n        <div class=\"h-row justify-content-lg-center justify-content-md-center justify-content-center align-items-lg-stretch align-items-md-stretch align-items-stretch gutters-col-lg-2 gutters-col-md-2 gutters-col-0 gutters-col-v-lg-2 gutters-col-v-md-2 gutters-col-v-2\">\n          <!---->\n          <div class=\"h-column h-column-container d-flex h-col-lg-auto h-col-md-auto h-col-auto style-290-outer style-local-823-c7-outer\">\n            <div data-colibri-id=\"823-c7\" class=\"d-flex h-flex-basis h-column__inner h-px-lg-2 h-px-md-2 h-px-2 v-inner-lg-2 v-inner-md-2 v-inner-2 style-290 style-local-823-c7 position-relative\">\n              <!---->\n              <!---->\n              <div class=\"w-100 h-y-container h-column__content h-column__v-align flex-basis-100 align-self-lg-start align-self-md-start align-self-start\">\n                <!---->\n                <div data-colibri-id=\"823-c8\" class=\"h-text h-text-component style-288 style-local-823-c8 position-relative h-element\">\n                  <!---->\n                  <!---->\n                  <div class=\"\">\n                    <p>Evo Wise modernise vos processus, structure vos donn\u00e9es et d\u00e9ploie des automatisations concr\u00e8tes pour am\u00e9liorer votre efficacit\u00e9.<\/p>\n                  <\/div>\n                <\/div>\n              <\/div>\n            <\/div>\n          <\/div>\n        <\/div>\n      <\/div>\n    <\/div>\n  <\/div>\n  <div data-colibri-component=\"section\" data-colibri-id=\"823-c9\" id=\"overlappable\" class=\"h-section h-section-global-spacing d-flex align-items-lg-center align-items-md-center align-items-center style-271 style-local-823-c9 position-relative\">\n    <!---->\n    <!---->\n    <div class=\"h-section-grid-container h-section-boxed-container\">\n      <!---->\n      <div data-colibri-id=\"823-c10\" class=\"h-row-container gutters-row-lg-0 gutters-row-md-0 gutters-row-2 gutters-row-v-lg-0 gutters-row-v-md-0 gutters-row-v-2 style-272 style-local-823-c10 position-relative\">\n        <!---->\n        <div class=\"h-row justify-content-lg-center justify-content-md-center justify-content-center align-items-lg-stretch align-items-md-stretch align-items-stretch gutters-col-lg-0 gutters-col-md-0 gutters-col-2 gutters-col-v-lg-0 gutters-col-v-md-0 gutters-col-v-2\">\n          <!---->\n          <div class=\"h-column h-column-container d-flex h-col-lg-4 h-col-md-4 h-col-12 style-273-outer style-local-823-c11-outer\">\n            <div data-colibri-id=\"823-c11\" class=\"d-flex h-flex-basis h-column__inner h-px-lg-3 h-px-md-3 h-px-2 v-inner-lg-3 v-inner-md-3 v-inner-2 style-273 style-local-823-c11 position-relative\">\n              <!---->\n              <!---->\n              <div class=\"w-100 h-y-container h-column__content h-column__v-align flex-basis-100 align-self-lg-start align-self-md-start align-self-start\">\n                <!---->\n                <div data-colibri-id=\"823-c12\" class=\"h-icon style-274 style-local-823-c12 position-relative h-element\">\n                  <!----><span class=\"h-svg-icon h-icon__icon style-274-icon style-local-823-c12-icon\"><!--Icon by Icons8 Line Awesome (https:\/\/icons8.com\/line-awesome)--><svg version=\"1.1\" xmlns=\"http:\/\/www.w3.org\/2000\/svg\" xmlns:xlink=\"http:\/\/www.w3.org\/1999\/xlink\" id=\"paper-plane\" viewBox=\"0 0 512 545.5\"><path d=\"M57.5 117.5L86 129l352 144 36.5 15-36.5 15L86 447l-28.5 11.5 7-30 31-140.5-31-140.5zm44.5 53L124.5 272h226zM124.5 304L102 405.5 350.5 304h-226z\"><\/path><\/svg><\/span><\/div>\n                <div\n                  data-colibri-id=\"823-c13\" class=\"h-global-transition-all h-heading style-275 style-local-823-c13 position-relative h-element\">\n                  <!---->\n                  <div class=\"h-heading__outer style-275 style-local-823-c13\">\n                    <!---->\n                    <!---->\n                    <h5 class=\"\">Automatiser les t\u00e2ches r\u00e9p\u00e9titives<\/h5>\n                  <\/div>\n              <\/div>\n              <div data-colibri-id=\"823-c14\" class=\"h-text h-text-component style-276 style-local-823-c14 position-relative h-element\">\n                <!---->\n                <!---->\n                <div class=\"\">\n                  <p>Mise en place de workflows modernes pour r\u00e9duire le travail manuel et s\u00e9curiser vos op\u00e9rations.<\/p>\n                <\/div>\n              <\/div>\n            <\/div>\n          <\/div>\n        <\/div>\n        <div class=\"h-column h-column-container d-flex h-col-lg-4 h-col-md-4 h-col-12 style-273-outer style-local-823-c15-outer\">\n          <div data-colibri-id=\"823-c15\" class=\"d-flex h-flex-basis h-column__inner h-px-lg-3 h-px-md-3 h-px-2 v-inner-lg-3 v-inner-md-3 v-inner-2 style-273 style-local-823-c15 position-relative\">\n            <!---->\n            <!---->\n            <div class=\"w-100 h-y-container h-column__content h-column__v-align flex-basis-100 align-self-lg-start align-self-md-start align-self-start\">\n              <!---->\n              <div data-colibri-id=\"823-c16\" class=\"h-icon style-274 style-local-823-c16 position-relative h-element\">\n                <!----><span class=\"h-svg-icon h-icon__icon style-274-icon style-local-823-c16-icon\"><!--Icon by Icons8 Line Awesome (https:\/\/icons8.com\/line-awesome)--><svg version=\"1.1\" xmlns=\"http:\/\/www.w3.org\/2000\/svg\" xmlns:xlink=\"http:\/\/www.w3.org\/1999\/xlink\" id=\"cubes\" viewBox=\"0 0 512 545.5\"><path d=\"M256 96l6 2.5 96 38.5 10 4v107.5l86.5 37.5 9.5 4.5v129l-8 5-96 53.5-7.5 4-7.5-3.5-89-44.5-89 44.5-7.5 3.5-7.5-4-96-53.5-8-5v-129l9.5-4.5 86.5-37.5V141l10-4 96-38.5zm0 35l-52.5 20.5L256 172l52.5-20.5zm-80 44v74l64 28.5v-78zm160 0l-64 24.5v78l64-28.5v-74zM160 277l-58 25 58 29 58-28.5zm192 0l-40 17.5-18 8 58 28.5 58-29zM80 326.5V401l64 36v-78.5zm352 0l-64 32V437l64-36v-74.5zm-192 1l-64 31V438l64-32v-78.5zm32 0V406l64 32v-79.5z\"><\/path><\/svg><\/span><\/div>\n              <div\n                data-colibri-id=\"823-c17\" class=\"h-global-transition-all h-heading style-275 style-local-823-c17 position-relative h-element\">\n                <!---->\n                <div class=\"h-heading__outer style-275 style-local-823-c17\">\n                  <!---->\n                  <!---->\n                  <h5 class=\"\">Structurer et fiabiliser vos donn\u00e9es<\/h5>\n                <\/div>\n            <\/div>\n            <div data-colibri-id=\"823-c18\" class=\"h-text h-text-component style-276 style-local-823-c18 position-relative h-element\">\n              <!---->\n              <!---->\n              <div class=\"\">\n                <p>Organisation claire de l\u2019information, mod\u00e8les adapt\u00e9s et reporting compr\u00e9hensible.&nbsp;<\/p>\n              <\/div>\n            <\/div>\n          <\/div>\n        <\/div>\n      <\/div>\n      <div class=\"h-column h-column-container d-flex h-col-lg-4 h-col-md-4 h-col-12 style-273-outer style-local-823-c19-outer\">\n        <div data-colibri-id=\"823-c19\" class=\"d-flex h-flex-basis h-column__inner h-px-lg-3 h-px-md-3 h-px-2 v-inner-lg-3 v-inner-md-3 v-inner-2 style-273 style-local-823-c19 position-relative\">\n          <!---->\n          <!---->\n          <div class=\"w-100 h-y-container h-column__content h-column__v-align flex-basis-100 align-self-lg-start align-self-md-start align-self-start\">\n            <!---->\n            <div data-colibri-id=\"823-c20\" class=\"h-icon style-274 style-local-823-c20 position-relative h-element\">\n              <!----><span class=\"h-svg-icon h-icon__icon style-274-icon style-local-823-c20-icon\"><!--Icon by Font Awesome (https:\/\/fontawesome.com)-->\n    <svg version=\"1.1\" xmlns=\"http:\/\/www.w3.org\/2000\/svg\" xmlns:xlink=\"http:\/\/www.w3.org\/1999\/xlink\" id=\"line-chart\" viewBox=\"0 0 2048 1896.0833\">\n      <path d=\"M2048 1536v128H0V128h128v1408h1920zM1920 288v435q0 21-19.5 29.5T1865 745l-121-121-633 633q-10 10-23 10t-23-10l-233-233-416 416-192-192 585-585q10-10 23-10t23 10l233 233 464-464-121-121q-16-16-7.5-35.5T1453 256h435q14 0 23 9t9 23z\"><\/path>\n    <\/svg><\/span><\/div>\n            <div data-colibri-id=\"823-c21\" class=\"h-global-transition-all h-heading style-275 style-local-823-c21 position-relative h-element\">\n              <!---->\n              <div class=\"h-heading__outer style-275 style-local-823-c21\">\n                <!---->\n                <!---->\n                <h5 class=\"\">Fluidifier vos processus et outils<\/h5>\n              <\/div>\n            <\/div>\n            <div data-colibri-id=\"823-c22\" class=\"h-text h-text-component style-276 style-local-823-c22 position-relative h-element\">\n              <!---->\n              <!---->\n              <div class=\"\">\n                <p>Analyse de vos flux, simplification des \u00e9tapes et meilleure int\u00e9gration de vos solutions.&nbsp;<\/p>\n              <\/div>\n            <\/div>\n          <\/div>\n        <\/div>\n      <\/div>\n      <div class=\"h-column h-column-container d-flex h-col-lg-4 h-col-md-4 h-col-12 style-279-outer style-local-823-c23-outer\">\n        <div data-colibri-id=\"823-c23\" class=\"d-flex h-flex-basis h-column__inner h-ui-empty-state-container h-px-lg-2 h-px-md-2 h-px-2 v-inner-lg-2 v-inner-md-2 v-inner-2 style-279 style-local-823-c23 position-relative\">\n          <!---->\n          <!---->\n          <div class=\"w-100 h-y-container h-column__content h-column__v-align flex-basis-100\">\n            <!---->\n          <\/div>\n        <\/div>\n      <\/div>\n    <\/div>\n  <\/div>\n<\/div>\n<\/div>\n<div data-colibri-component=\"section\" data-colibri-id=\"823-c24\" id=\"cta\" class=\"h-section h-section-global-spacing d-flex align-items-lg-center align-items-md-center align-items-center style-291 style-local-823-c24 position-relative\">\n  <!---->\n  <!---->\n  <div class=\"h-section-grid-container h-section-boxed-container\">\n    <!---->\n    <div data-colibri-id=\"823-c25\" class=\"h-row-container gutters-row-lg-2 gutters-row-md-2 gutters-row-0 gutters-row-v-lg-2 gutters-row-v-md-2 gutters-row-v-2 style-292 style-local-823-c25 position-relative\">\n      <!---->\n      <div class=\"h-row justify-content-lg-center justify-content-md-center justify-content-center align-items-lg-stretch align-items-md-stretch align-items-stretch gutters-col-lg-2 gutters-col-md-2 gutters-col-0 gutters-col-v-lg-2 gutters-col-v-md-2 gutters-col-v-2\">\n        <!---->\n        <div class=\"h-column h-column-container d-flex h-col-lg h-col-md h-col-auto style-293-outer style-local-823-c26-outer\">\n          <div data-colibri-id=\"823-c26\" class=\"d-flex h-flex-basis h-column__inner h-px-lg-1 h-px-md-1 h-px-2 v-inner-lg-1 v-inner-md-1 v-inner-2 style-293 style-local-823-c26 position-relative\">\n            <!---->\n            <!---->\n            <div class=\"w-100 h-y-container h-column__content h-column__v-align flex-basis-100 align-self-lg-center align-self-md-center align-self-center\">\n              <!---->\n              <div data-colibri-id=\"823-c27\" class=\"h-global-transition-all h-heading style-294 style-local-823-c27 position-relative h-element\">\n                <!---->\n                <div class=\"h-heading__outer style-294 style-local-823-c27\">\n                  <!---->\n                  <!---->\n                  <h4 class=\"\">Evo Wise transforme des syst\u00e8mes complexes en solutions claires et efficaces. Nous privil\u00e9gions des outils modernes, no code et low code, pour obtenir des r\u00e9sultats rapides et durables.<\/h4>\n                <\/div>\n              <\/div>\n            <\/div>\n          <\/div>\n        <\/div>\n        <div class=\"h-column h-column-container d-flex h-col-lg-auto h-col-md-auto h-col-auto style-295-outer style-local-823-c28-outer\">\n          <div data-colibri-id=\"823-c28\" class=\"d-flex h-flex-basis h-column__inner h-px-lg-0 h-px-md-0 h-px-2 v-inner-lg-0 v-inner-md-0 v-inner-2 style-295 style-local-823-c28 position-relative\">\n            <!---->\n            <!---->\n            <div class=\"w-100 h-y-container h-column__content h-column__v-align flex-basis-auto align-self-lg-center align-self-md-center align-self-center\">\n              <!---->\n              <div data-colibri-id=\"823-c29\" class=\"h-x-container style-296 style-local-823-c29 position-relative h-element\">\n                <!---->\n                <div class=\"h-x-container-inner style-dynamic-823-c29-group style-296-spacing style-local-823-c29-spacing\"><span class=\"h-button__outer style-297-outer style-local-823-c30-outer d-inline-flex h-element\"><a h-use-smooth-scroll=\"true\" href=\"https:\/\/evo-wise.com\/index.php\/accueil\/contact\/\"  data-colibri-id=\"823-c30\" class=\"d-flex w-100 align-items-center h-button justify-content-lg-center justify-content-md-center justify-content-center style-297 style-local-823-c30 position-relative\"><!----><!----> <span>Discutons de votre projet<\/span><\/a>\n                  <\/span>\n                <\/div>\n              <\/div>\n            <\/div>\n          <\/div>\n        <\/div>\n      <\/div>\n    <\/div>\n  <\/div>\n<\/div>\n<div data-colibri-component=\"section\" data-colibri-id=\"823-c31\" id=\"custom-2\" class=\"h-section h-section-global-spacing d-flex align-items-lg-center align-items-md-center align-items-center style-303 style-local-823-c31 position-relative\">\n  <!---->\n  <!---->\n  <div class=\"h-section-grid-container h-section-boxed-container\">\n    <!---->\n    <div data-colibri-id=\"823-c32\" class=\"h-row-container gutters-row-lg-2 gutters-row-md-2 gutters-row-0 gutters-row-v-lg-2 gutters-row-v-md-2 gutters-row-v-2 style-304 style-local-823-c32 position-relative\">\n      <!---->\n      <div class=\"h-row justify-content-lg-center justify-content-md-center justify-content-center align-items-lg-stretch align-items-md-stretch align-items-stretch gutters-col-lg-2 gutters-col-md-2 gutters-col-0 gutters-col-v-lg-2 gutters-col-v-md-2 gutters-col-v-2\">\n        <!---->\n        <div class=\"h-column h-column-container d-flex h-col-lg-auto h-col-md-auto h-col-auto style-305-outer style-local-823-c33-outer\">\n          <div data-colibri-id=\"823-c33\" class=\"d-flex h-flex-basis h-column__inner h-ui-empty-state-container h-px-lg-2 h-px-md-2 h-px-2 v-inner-lg-2 v-inner-md-2 v-inner-2 style-305 style-local-823-c33 position-relative\">\n            <!---->\n            <!---->\n            <div class=\"w-100 h-y-container h-column__content h-column__v-align flex-basis-100\">\n              <!---->\n            <\/div>\n          <\/div>\n        <\/div>\n      <\/div>\n    <\/div>\n  <\/div>\n<\/div>\n<\/div>","protected":false},"excerpt":{"rendered":"<p>Simplifiez vos op\u00e9rations. Acc\u00e9l\u00e9rez vos r\u00e9sultats. Evo Wise modernise vos processus, structure vos donn\u00e9es et d\u00e9ploie des automatisations concr\u00e8tes pour am\u00e9liorer votre efficacit\u00e9. Automatiser les t\u00e2ches r\u00e9p\u00e9titives Mise en place de workflows modernes pour r\u00e9duire le travail manuel et s\u00e9curiser vos op\u00e9rations. Structurer et fiabiliser vos donn\u00e9es Organisation claire de l\u2019information, mod\u00e8les adapt\u00e9s et reporting [&hellip;]<\/p>\n","protected":false},"author":1,"featured_media":0,"parent":0,"menu_order":0,"comment_status":"closed","ping_status":"closed","template":"page-templates\/homepage.php","meta":{"footnotes":""},"class_list":["post-823","page","type-page","status-publish","hentry"],"_links":{"self":[{"href":"https:\/\/evo-wise.com\/index.php\/wp-json\/wp\/v2\/pages\/823","targetHints":{"allow":["GET"]}}],"collection":[{"href":"https:\/\/evo-wise.com\/index.php\/wp-json\/wp\/v2\/pages"}],"about":[{"href":"https:\/\/evo-wise.com\/index.php\/wp-json\/wp\/v2\/types\/page"}],"author":[{"embeddable":true,"href":"https:\/\/evo-wise.com\/index.php\/wp-json\/wp\/v2\/users\/1"}],"replies":[{"embeddable":true,"href":"https:\/\/evo-wise.com\/index.php\/wp-json\/wp\/v2\/comments?post=823"}],"version-history":[{"count":5,"href":"https:\/\/evo-wise.com\/index.php\/wp-json\/wp\/v2\/pages\/823\/revisions"}],"predecessor-version":[{"id":879,"href":"https:\/\/evo-wise.com\/index.php\/wp-json\/wp\/v2\/pages\/823\/revisions\/879"}],"wp:attachment":[{"href":"https:\/\/evo-wise.com\/index.php\/wp-json\/wp\/v2\/media?parent=823"}],"curies":[{"name":"wp","href":"https:\/\/api.w.org\/{rel}","templated":true}]}}